{"id":30,"date":"2024-05-07T11:46:46","date_gmt":"2024-05-07T09:46:46","guid":{"rendered":"https:\/\/www.monneu.com\/fr\/?page_id=30"},"modified":"2024-05-07T11:47:40","modified_gmt":"2024-05-07T09:47:40","slug":"politique-termes-et-conditions-dutilisation-du-service-web","status":"publish","type":"page","link":"https:\/\/www.monneu.com\/fr\/politique-termes-et-conditions-dutilisation-du-service-web\/","title":{"rendered":"Politique, termes et conditions d&rsquo;utilisation du service web"},"content":{"rendered":"\n<figure class=\"wp-block-image size-large\"><img decoding=\"async\" src=\"https:\/\/www.monneu.com\/wp-content\/uploads\/2024\/05\/imagen-1-1024x444.png\" alt=\"\" class=\"wp-image-101\"\/><\/figure>\n\n\n\n<h2 class=\"wp-block-heading\">Conditions du service :<\/h2>\n\n\n\n<p>Ces conditions du service (\u00ab\u00a0Conditions\u00a0\u00bb, \u00ab\u00a0Accord\u00a0\u00bb) constituent un accord entre le site web (\u00ab\u00a0Op\u00e9rateur du site web\u00a0\u00bb, \u00ab\u00a0nous\u00a0\u00bb, \u00ab\u00a0notre\u00a0\u00bb ou \u00ab\u00a0nos\u00a0\u00bb) et vous (\u00ab\u00a0Utilisateur\u00a0\u00bb, \u00ab\u00a0vous\u00a0\u00bb ou \u00ab\u00a0votre\u00a0\u00bb). Cet Accord \u00e9tablit les termes et conditions g\u00e9n\u00e9raux de votre utilisation de ce site web et de tout produit ou service (collectivement, \u00ab\u00a0Site web\u00a0\u00bb ou \u00ab\u00a0Services\u00a0\u00bb).<\/p>\n\n\n\n<h2 class=\"wp-block-heading\">Liens vers d&rsquo;autres sites web :<\/h2>\n\n\n\n<p>Bien que ce portail puisse \u00eatre li\u00e9 \u00e0 d&rsquo;autres pages, cela n&rsquo;implique en aucun cas, que ce soit directement ou indirectement, l&rsquo;approbation, l&rsquo;association, le parrainage, l&rsquo;approbation ou l&rsquo;affiliation de notre part \u00e0 ces pages, sauf indication contraire dans le pr\u00e9sent \u00e9crit.<\/p>\n\n\n\n<p>Vous devriez examiner attentivement les clauses juridiques et autres conditions d&rsquo;utilisation des pages web auxquelles vous acc\u00e9dez via des liens depuis ce Site web. Votre liaison avec d&rsquo;autres portails ou pages web externes se fait \u00e0 vos propres risques.<\/p>\n\n\n\n<h2 class=\"wp-block-heading\">Politique de confidentialit\u00e9 et utilisation des cookies :<\/h2>\n\n\n\n<p>Le Site web peut utiliser des cookies pour personnaliser et faciliter la navigation de l&rsquo;Utilisateur sur celui-ci. L&rsquo;Utilisateur peut configurer son navigateur pour \u00eatre inform\u00e9 et refuser l&rsquo;installation des cookies envoy\u00e9s par nous.<\/p>\n\n\n\n<p><strong>POLITIQUE DE CONFIDENTIALIT\u00c9<\/strong><\/p>\n\n\n\n<p>La pr\u00e9sente Politique de Confidentialit\u00e9 \u00e9tablit les termes selon lesquels Monneu 2000 S.L. utilise et prot\u00e8ge les informations fournies par ses utilisateurs lors de l&rsquo;utilisation de son site web. Cette soci\u00e9t\u00e9 est engag\u00e9e \u00e0 assurer la s\u00e9curit\u00e9 des donn\u00e9es de ses utilisateurs. Lorsque nous vous demandons de remplir les champs d&rsquo;informations personnelles par lesquels vous pourriez \u00eatre identifi\u00e9, nous le faisons en nous assurant que ces informations ne seront utilis\u00e9es que conform\u00e9ment aux termes de ce document. Cependant, cette Politique de Confidentialit\u00e9 peut changer avec le temps ou \u00eatre mise \u00e0 jour, nous vous recommandons donc de consulter r\u00e9guli\u00e8rement cette page pour vous assurer que vous \u00eates d&rsquo;accord avec ces changements.<\/p>\n\n\n\n<p><strong>Informations collect\u00e9es<\/strong><\/p>\n\n\n\n<p>Notre site web peut collecter des informations personnelles telles que : le nom, les informations de contact telles que votre adresse e-mail et des informations d\u00e9mographiques. De m\u00eame, lorsque cela est n\u00e9cessaire, des informations sp\u00e9cifiques peuvent \u00eatre demand\u00e9es pour traiter une commande ou effectuer une livraison ou une facturation.<\/p>\n\n\n\n<p><strong>Utilisation des informations collect\u00e9es<\/strong><\/p>\n\n\n\n<p>Notre site web utilise les informations dans le but de fournir le meilleur service possible, en particulier pour maintenir un registre des utilisateurs, des commandes le cas \u00e9ch\u00e9ant, et am\u00e9liorer nos produits et services. Il est possible que des e-mails soient envoy\u00e9s p\u00e9riodiquement via notre site avec des offres sp\u00e9ciales, de nouveaux produits et d&rsquo;autres informations publicitaires que nous estimons pertinentes pour vous ou qui pourraient vous apporter des avantages. Ces e-mails seront envoy\u00e9s \u00e0 l&rsquo;adresse que vous fournissez et peuvent \u00eatre annul\u00e9s \u00e0 tout moment.<\/p>\n\n\n\n<p>Monneu 2000 S.L. est fortement engag\u00e9e \u00e0 respecter l&rsquo;engagement de s\u00e9curiser vos informations. Nous utilisons les syst\u00e8mes les plus avanc\u00e9s et les mettons constamment \u00e0 jour pour nous assurer qu&rsquo;il n&rsquo;y a pas d&rsquo;acc\u00e8s non autoris\u00e9.<\/p>\n\n\n\n<p><strong>Cookies<\/strong><\/p>\n\n\n\n<p>Un cookie fait r\u00e9f\u00e9rence \u00e0 un fichier envoy\u00e9 dans le but de demander l&rsquo;autorisation de se stocker sur votre ordinateur, en acceptant ledit fichier, le cookie est cr\u00e9\u00e9 et sert alors \u00e0 avoir des informations concernant le trafic web, et facilite \u00e9galement les futures visites sur un site web r\u00e9current. Une autre fonction des cookies est que gr\u00e2ce \u00e0 eux, les sites web peuvent vous reconna\u00eetre individuellement et donc vous offrir le meilleur service personnalis\u00e9 de leur site web.<\/p>\n\n\n\n<p>Notre site web utilise des cookies pour pouvoir identifier les pages visit\u00e9es et leur fr\u00e9quence. Ces informations sont utilis\u00e9es uniquement pour des analyses statistiques et les informations sont ensuite supprim\u00e9es de mani\u00e8re permanente. Vous pouvez supprimer les cookies \u00e0 tout moment depuis votre ordinateur. Cependant, les cookies aident \u00e0 fournir un meilleur service pour les sites web, ils ne donnent pas acc\u00e8s aux informations de votre ordinateur ou de vous, sauf si vous le souhaitez et les fournissez directement. Vous pouvez accepter ou refuser l&rsquo;utilisation de cookies, cependant, la plupart des navigateurs acceptent automatiquement les cookies car ils servent \u00e0 fournir un meilleur service web. Vous pouvez \u00e9galement modifier les param\u00e8tres de votre ordinateur pour refuser les cookies. Si vous les refusez, il est possible que vous ne puissiez pas utiliser certains de nos services.<\/p>\n\n\n\n<p><strong>Liens vers des tiers<\/strong><\/p>\n\n\n\n<p>Ce site web peut contenir des liens vers d&rsquo;autres sites qui pourraient vous int\u00e9resser. Une fois que vous avez cliqu\u00e9 sur ces liens et quittez notre page, nous n&rsquo;avons plus aucun contr\u00f4le sur le site vers lequel vous \u00eates redirig\u00e9 et nous ne sommes donc pas responsables des conditions ou de la confidentialit\u00e9 ni de la protection de vos donn\u00e9es sur ces autres sites tiers. Ces sites sont soumis \u00e0 leurs propres politiques de confidentialit\u00e9, il est donc recommand\u00e9 de les consulter pour confirmer que vous \u00eates d&rsquo;accord avec celles-ci.<\/p>\n\n\n\n<p><strong>Contr\u00f4le de vos informations personnelles<\/strong><\/p>\n\n\n\n<p>\u00c0 tout moment, vous pouvez limiter la collecte ou l&rsquo;utilisation des informations personnelles fournies sur notre site web. Chaque fois qu&rsquo;il vous est demand\u00e9 de remplir un formulaire, comme celui de l&rsquo;inscription d&rsquo;utilisateur, vous pouvez cocher ou d\u00e9cocher l&rsquo;option de recevoir des informations par e-mail. Si vous avez choisi de recevoir notre newsletter ou notre publicit\u00e9, vous pouvez l&rsquo;annuler \u00e0 tout moment.<\/p>\n\n\n\n<p>Cette soci\u00e9t\u00e9 ne vendra, ne c\u00e9dera ni ne distribuera les informations personnelles collect\u00e9es sans votre consentement, sauf si cela est requis par un juge avec une ordonnance judiciaire.<\/p>\n\n\n\n<p>Monneu 2000 S.L. se r\u00e9serve le droit de modifier les termes de la pr\u00e9sente Politique de Confidentialit\u00e9 \u00e0 tout moment.<\/p>\n","protected":false},"excerpt":{"rendered":"<p>Conditions du service : Ces conditions du service (\u00ab\u00a0Conditions\u00a0\u00bb, \u00ab\u00a0Accord\u00a0\u00bb) constituent un accord entre le site web (\u00ab\u00a0Op\u00e9rateur du site web\u00a0\u00bb, \u00ab\u00a0nous\u00a0\u00bb, \u00ab\u00a0notre\u00a0\u00bb ou \u00ab\u00a0nos\u00a0\u00bb) et vous (\u00ab\u00a0Utilisateur\u00a0\u00bb, \u00ab\u00a0vous\u00a0\u00bb ou \u00ab\u00a0votre\u00a0\u00bb). Cet Accord \u00e9tablit les termes et conditions g\u00e9n\u00e9raux de votre utilisation de ce site web et de tout produit ou service (collectivement, \u00ab\u00a0Site web\u00a0\u00bb [&hellip;]<\/p>\n","protected":false},"author":1,"featured_media":0,"parent":0,"menu_order":0,"comment_status":"closed","ping_status":"closed","template":"","meta":{"footnotes":""},"class_list":["post-30","page","type-page","status-publish","hentry"],"yoast_head":"<!-- This site is optimized with the Yoast SEO plugin v25.4 - https:\/\/yoast.com\/wordpress\/plugins\/seo\/ -->\n<title>Politique, termes et conditions d&#039;utilisation du service web - MONNEU 2000 S.L. | Solutions industrielles<\/title>\n<meta name=\"robots\" content=\"index, follow, max-snippet:-1, max-image-preview:large, max-video-preview:-1\" \/>\n<link rel=\"canonical\" href=\"https:\/\/www.monneu.com\/fr\/politique-termes-et-conditions-dutilisation-du-service-web\/\" \/>\n<meta property=\"og:locale\" content=\"fr_FR\" \/>\n<meta property=\"og:type\" content=\"article\" \/>\n<meta property=\"og:title\" content=\"Politique, termes et conditions d&#039;utilisation du service web - MONNEU 2000 S.L. | Solutions industrielles\" \/>\n<meta property=\"og:description\" content=\"Conditions du service : Ces conditions du service (\u00ab\u00a0Conditions\u00a0\u00bb, \u00ab\u00a0Accord\u00a0\u00bb) constituent un accord entre le site web (\u00ab\u00a0Op\u00e9rateur du site web\u00a0\u00bb, \u00ab\u00a0nous\u00a0\u00bb, \u00ab\u00a0notre\u00a0\u00bb ou \u00ab\u00a0nos\u00a0\u00bb) et vous (\u00ab\u00a0Utilisateur\u00a0\u00bb, \u00ab\u00a0vous\u00a0\u00bb ou \u00ab\u00a0votre\u00a0\u00bb). Cet Accord \u00e9tablit les termes et conditions g\u00e9n\u00e9raux de votre utilisation de ce site web et de tout produit ou service (collectivement, \u00ab\u00a0Site web\u00a0\u00bb [&hellip;]\" \/>\n<meta property=\"og:url\" content=\"https:\/\/www.monneu.com\/fr\/politique-termes-et-conditions-dutilisation-du-service-web\/\" \/>\n<meta property=\"og:site_name\" content=\"MONNEU 2000 S.L. | Solutions industrielles\" \/>\n<meta property=\"article:modified_time\" content=\"2024-05-07T09:47:40+00:00\" \/>\n<meta property=\"og:image\" content=\"https:\/\/www.monneu.com\/wp-content\/uploads\/2024\/05\/imagen-1-1024x444.png\" \/>\n<meta name=\"twitter:card\" content=\"summary_large_image\" \/>\n<meta name=\"twitter:label1\" content=\"Dur\u00e9e de lecture estim\u00e9e\" \/>\n\t<meta name=\"twitter:data1\" content=\"5 minutes\" \/>\n<script type=\"application\/ld+json\" class=\"yoast-schema-graph\">{\"@context\":\"https:\/\/schema.org\",\"@graph\":[{\"@type\":\"WebPage\",\"@id\":\"https:\/\/www.monneu.com\/fr\/politique-termes-et-conditions-dutilisation-du-service-web\/\",\"url\":\"https:\/\/www.monneu.com\/fr\/politique-termes-et-conditions-dutilisation-du-service-web\/\",\"name\":\"Politique, termes et conditions d'utilisation du service web - MONNEU 2000 S.L. | Solutions industrielles\",\"isPartOf\":{\"@id\":\"https:\/\/www.monneu.com\/fr\/#website\"},\"primaryImageOfPage\":{\"@id\":\"https:\/\/www.monneu.com\/fr\/politique-termes-et-conditions-dutilisation-du-service-web\/#primaryimage\"},\"image\":{\"@id\":\"https:\/\/www.monneu.com\/fr\/politique-termes-et-conditions-dutilisation-du-service-web\/#primaryimage\"},\"thumbnailUrl\":\"https:\/\/www.monneu.com\/wp-content\/uploads\/2024\/05\/imagen-1-1024x444.png\",\"datePublished\":\"2024-05-07T09:46:46+00:00\",\"dateModified\":\"2024-05-07T09:47:40+00:00\",\"breadcrumb\":{\"@id\":\"https:\/\/www.monneu.com\/fr\/politique-termes-et-conditions-dutilisation-du-service-web\/#breadcrumb\"},\"inLanguage\":\"fr-FR\",\"potentialAction\":[{\"@type\":\"ReadAction\",\"target\":[\"https:\/\/www.monneu.com\/fr\/politique-termes-et-conditions-dutilisation-du-service-web\/\"]}]},{\"@type\":\"ImageObject\",\"inLanguage\":\"fr-FR\",\"@id\":\"https:\/\/www.monneu.com\/fr\/politique-termes-et-conditions-dutilisation-du-service-web\/#primaryimage\",\"url\":\"https:\/\/www.monneu.com\/wp-content\/uploads\/2024\/05\/imagen-1-1024x444.png\",\"contentUrl\":\"https:\/\/www.monneu.com\/wp-content\/uploads\/2024\/05\/imagen-1-1024x444.png\"},{\"@type\":\"BreadcrumbList\",\"@id\":\"https:\/\/www.monneu.com\/fr\/politique-termes-et-conditions-dutilisation-du-service-web\/#breadcrumb\",\"itemListElement\":[{\"@type\":\"ListItem\",\"position\":1,\"name\":\"Portada\",\"item\":\"https:\/\/www.monneu.com\/fr\/\"},{\"@type\":\"ListItem\",\"position\":2,\"name\":\"Politique, termes et conditions d&#8217;utilisation du service web\"}]},{\"@type\":\"WebSite\",\"@id\":\"https:\/\/www.monneu.com\/fr\/#website\",\"url\":\"https:\/\/www.monneu.com\/fr\/\",\"name\":\"MONNEU 2000 S.L. | Solutions industrielles\",\"description\":\"\",\"publisher\":{\"@id\":\"https:\/\/www.monneu.com\/fr\/#organization\"},\"potentialAction\":[{\"@type\":\"SearchAction\",\"target\":{\"@type\":\"EntryPoint\",\"urlTemplate\":\"https:\/\/www.monneu.com\/fr\/?s={search_term_string}\"},\"query-input\":{\"@type\":\"PropertyValueSpecification\",\"valueRequired\":true,\"valueName\":\"search_term_string\"}}],\"inLanguage\":\"fr-FR\"},{\"@type\":\"Organization\",\"@id\":\"https:\/\/www.monneu.com\/fr\/#organization\",\"name\":\"MONNEU 2000 S.L. | Solutions industrielles\",\"url\":\"https:\/\/www.monneu.com\/fr\/\",\"logo\":{\"@type\":\"ImageObject\",\"inLanguage\":\"fr-FR\",\"@id\":\"https:\/\/www.monneu.com\/fr\/#\/schema\/logo\/image\/\",\"url\":\"https:\/\/www.monneu.com\/fr\/wp-content\/uploads\/sites\/2\/2024\/05\/logo_monneu.png\",\"contentUrl\":\"https:\/\/www.monneu.com\/fr\/wp-content\/uploads\/sites\/2\/2024\/05\/logo_monneu.png\",\"width\":150,\"height\":153,\"caption\":\"MONNEU 2000 S.L. | Solutions industrielles\"},\"image\":{\"@id\":\"https:\/\/www.monneu.com\/fr\/#\/schema\/logo\/image\/\"}}]}<\/script>\n<!-- \/ Yoast SEO plugin. -->","yoast_head_json":{"title":"Politique, termes et conditions d'utilisation du service web - MONNEU 2000 S.L. | Solutions industrielles","robots":{"index":"index","follow":"follow","max-snippet":"max-snippet:-1","max-image-preview":"max-image-preview:large","max-video-preview":"max-video-preview:-1"},"canonical":"https:\/\/www.monneu.com\/fr\/politique-termes-et-conditions-dutilisation-du-service-web\/","og_locale":"fr_FR","og_type":"article","og_title":"Politique, termes et conditions d'utilisation du service web - MONNEU 2000 S.L. | Solutions industrielles","og_description":"Conditions du service : Ces conditions du service (\u00ab\u00a0Conditions\u00a0\u00bb, \u00ab\u00a0Accord\u00a0\u00bb) constituent un accord entre le site web (\u00ab\u00a0Op\u00e9rateur du site web\u00a0\u00bb, \u00ab\u00a0nous\u00a0\u00bb, \u00ab\u00a0notre\u00a0\u00bb ou \u00ab\u00a0nos\u00a0\u00bb) et vous (\u00ab\u00a0Utilisateur\u00a0\u00bb, \u00ab\u00a0vous\u00a0\u00bb ou \u00ab\u00a0votre\u00a0\u00bb). Cet Accord \u00e9tablit les termes et conditions g\u00e9n\u00e9raux de votre utilisation de ce site web et de tout produit ou service (collectivement, \u00ab\u00a0Site web\u00a0\u00bb [&hellip;]","og_url":"https:\/\/www.monneu.com\/fr\/politique-termes-et-conditions-dutilisation-du-service-web\/","og_site_name":"MONNEU 2000 S.L. | Solutions industrielles","article_modified_time":"2024-05-07T09:47:40+00:00","og_image":[{"url":"https:\/\/www.monneu.com\/wp-content\/uploads\/2024\/05\/imagen-1-1024x444.png","type":"","width":"","height":""}],"twitter_card":"summary_large_image","twitter_misc":{"Dur\u00e9e de lecture estim\u00e9e":"5 minutes"},"schema":{"@context":"https:\/\/schema.org","@graph":[{"@type":"WebPage","@id":"https:\/\/www.monneu.com\/fr\/politique-termes-et-conditions-dutilisation-du-service-web\/","url":"https:\/\/www.monneu.com\/fr\/politique-termes-et-conditions-dutilisation-du-service-web\/","name":"Politique, termes et conditions d'utilisation du service web - MONNEU 2000 S.L. | Solutions industrielles","isPartOf":{"@id":"https:\/\/www.monneu.com\/fr\/#website"},"primaryImageOfPage":{"@id":"https:\/\/www.monneu.com\/fr\/politique-termes-et-conditions-dutilisation-du-service-web\/#primaryimage"},"image":{"@id":"https:\/\/www.monneu.com\/fr\/politique-termes-et-conditions-dutilisation-du-service-web\/#primaryimage"},"thumbnailUrl":"https:\/\/www.monneu.com\/wp-content\/uploads\/2024\/05\/imagen-1-1024x444.png","datePublished":"2024-05-07T09:46:46+00:00","dateModified":"2024-05-07T09:47:40+00:00","breadcrumb":{"@id":"https:\/\/www.monneu.com\/fr\/politique-termes-et-conditions-dutilisation-du-service-web\/#breadcrumb"},"inLanguage":"fr-FR","potentialAction":[{"@type":"ReadAction","target":["https:\/\/www.monneu.com\/fr\/politique-termes-et-conditions-dutilisation-du-service-web\/"]}]},{"@type":"ImageObject","inLanguage":"fr-FR","@id":"https:\/\/www.monneu.com\/fr\/politique-termes-et-conditions-dutilisation-du-service-web\/#primaryimage","url":"https:\/\/www.monneu.com\/wp-content\/uploads\/2024\/05\/imagen-1-1024x444.png","contentUrl":"https:\/\/www.monneu.com\/wp-content\/uploads\/2024\/05\/imagen-1-1024x444.png"},{"@type":"BreadcrumbList","@id":"https:\/\/www.monneu.com\/fr\/politique-termes-et-conditions-dutilisation-du-service-web\/#breadcrumb","itemListElement":[{"@type":"ListItem","position":1,"name":"Portada","item":"https:\/\/www.monneu.com\/fr\/"},{"@type":"ListItem","position":2,"name":"Politique, termes et conditions d&#8217;utilisation du service web"}]},{"@type":"WebSite","@id":"https:\/\/www.monneu.com\/fr\/#website","url":"https:\/\/www.monneu.com\/fr\/","name":"MONNEU 2000 S.L. | Solutions industrielles","description":"","publisher":{"@id":"https:\/\/www.monneu.com\/fr\/#organization"},"potentialAction":[{"@type":"SearchAction","target":{"@type":"EntryPoint","urlTemplate":"https:\/\/www.monneu.com\/fr\/?s={search_term_string}"},"query-input":{"@type":"PropertyValueSpecification","valueRequired":true,"valueName":"search_term_string"}}],"inLanguage":"fr-FR"},{"@type":"Organization","@id":"https:\/\/www.monneu.com\/fr\/#organization","name":"MONNEU 2000 S.L. | Solutions industrielles","url":"https:\/\/www.monneu.com\/fr\/","logo":{"@type":"ImageObject","inLanguage":"fr-FR","@id":"https:\/\/www.monneu.com\/fr\/#\/schema\/logo\/image\/","url":"https:\/\/www.monneu.com\/fr\/wp-content\/uploads\/sites\/2\/2024\/05\/logo_monneu.png","contentUrl":"https:\/\/www.monneu.com\/fr\/wp-content\/uploads\/sites\/2\/2024\/05\/logo_monneu.png","width":150,"height":153,"caption":"MONNEU 2000 S.L. | Solutions industrielles"},"image":{"@id":"https:\/\/www.monneu.com\/fr\/#\/schema\/logo\/image\/"}}]}},"_links":{"self":[{"href":"https:\/\/www.monneu.com\/fr\/wp-json\/wp\/v2\/pages\/30","targetHints":{"allow":["GET"]}}],"collection":[{"href":"https:\/\/www.monneu.com\/fr\/wp-json\/wp\/v2\/pages"}],"about":[{"href":"https:\/\/www.monneu.com\/fr\/wp-json\/wp\/v2\/types\/page"}],"author":[{"embeddable":true,"href":"https:\/\/www.monneu.com\/fr\/wp-json\/wp\/v2\/users\/1"}],"replies":[{"embeddable":true,"href":"https:\/\/www.monneu.com\/fr\/wp-json\/wp\/v2\/comments?post=30"}],"version-history":[{"count":1,"href":"https:\/\/www.monneu.com\/fr\/wp-json\/wp\/v2\/pages\/30\/revisions"}],"predecessor-version":[{"id":31,"href":"https:\/\/www.monneu.com\/fr\/wp-json\/wp\/v2\/pages\/30\/revisions\/31"}],"wp:attachment":[{"href":"https:\/\/www.monneu.com\/fr\/wp-json\/wp\/v2\/media?parent=30"}],"curies":[{"name":"wp","href":"https:\/\/api.w.org\/{rel}","templated":true}]}}