{"id":32,"date":"2024-05-07T11:49:47","date_gmt":"2024-05-07T09:49:47","guid":{"rendered":"https:\/\/www.monneu.com\/fr\/?page_id=32"},"modified":"2024-05-10T23:45:31","modified_gmt":"2024-05-10T21:45:31","slug":"offres-de-nos-solutions","status":"publish","type":"page","link":"https:\/\/www.monneu.com\/fr\/offres-de-nos-solutions\/","title":{"rendered":"Offres de nos solutions"},"content":{"rendered":"\n<hr class=\"wp-block-separator has-text-color has-alpha-channel-opacity has-background is-style-wide\" style=\"background-color:#ff0000;color:#ff0000\"\/>\n\n\n\n<figure class=\"wp-block-image alignwide size-full\"><img decoding=\"async\" src=\"https:\/\/www.monneu.com\/wp-content\/uploads\/2024\/05\/img14.png\" alt=\"\" class=\"wp-image-316\"\/><\/figure>\n\n\n\n<div style=\"height:30px\" aria-hidden=\"true\" class=\"wp-block-spacer\"><\/div>\n\n\n\n<div class=\"wp-block-columns alignwide is-layout-flex wp-container-core-columns-is-layout-28f84493 wp-block-columns-is-layout-flex\">\n<div class=\"wp-block-column is-layout-flow wp-block-column-is-layout-flow\">\n<p class=\"has-text-align-center\"><strong>Adaptabilit\u00e9<\/strong><\/p>\n\n\n\n<p>Nos solutions s&rsquo;adaptent non seulement \u00e0 vos besoins, mais aussi \u00e0 vos pr\u00e9f\u00e9rences et \u00e0 votre budget ; vous concevez nos produits.<\/p>\n<\/div>\n\n\n\n<div class=\"wp-block-column is-layout-flow wp-block-column-is-layout-flow\">\n<p class=\"has-text-align-center\"><strong>Personnalisation<\/strong><\/p>\n\n\n\n<p>Notre \u00e9quipe personnalise chaque produit selon vos go\u00fbts ; chaque client pourra b\u00e9n\u00e9ficier d&rsquo;une personnalisation unique.<\/p>\n<\/div>\n\n\n\n<div class=\"wp-block-column is-layout-flow wp-block-column-is-layout-flow\">\n<p class=\"has-text-align-center\"><strong>Qualit\u00e9<\/strong><\/p>\n\n\n\n<p>Nous nous engageons \u00e0 ne vous proposer que des produits de haute qualit\u00e9 ; nos produits sont fabriqu\u00e9s avec des mat\u00e9riaux r\u00e9sistants et durables.<\/p>\n<\/div>\n<\/div>\n\n\n\n<div style=\"height:30px\" aria-hidden=\"true\" class=\"wp-block-spacer\"><\/div>\n\n\n\n<div class=\"wp-block-media-text alignwide is-stacked-on-mobile is-vertically-aligned-center is-image-fill\"><figure class=\"wp-block-media-text__media\" style=\"background-image:url(https:\/\/www.monneu.com\/wp-content\/uploads\/2024\/05\/img12.png);background-position:50% 50%\"><img decoding=\"async\" src=\"https:\/\/www.monneu.com\/wp-content\/uploads\/2024\/05\/img12.png\" alt=\"\" class=\"wp-image-314 size-full\"\/><\/figure><div class=\"wp-block-media-text__content\">\n<p class=\"has-text-align-center has-large-font-size\">Contactez-nous sans aucun engagement afin que nous puissions vous faire une offre qui r\u00e9ponde \u00e0 vos besoins<\/p>\n<\/div><\/div>\n\n\n\n<div style=\"height:30px\" aria-hidden=\"true\" class=\"wp-block-spacer\"><\/div>\n\n\n\n<div class=\"wp-block-media-text alignwide has-media-on-the-right is-stacked-on-mobile is-image-fill\"><div class=\"wp-block-media-text__content\">\n<p class=\"has-text-align-center has-large-font-size\">Nos produits sont rigoureusement analys\u00e9s et contr\u00f4l\u00e9s jusqu&rsquo;au moindre d\u00e9tail pour garantir la fonctionnalit\u00e9 de nos produits<\/p>\n<\/div><figure class=\"wp-block-media-text__media\" style=\"background-image:url(https:\/\/www.monneu.com\/wp-content\/uploads\/2024\/05\/img13-scaled.jpeg);background-position:50% 50%\"><img decoding=\"async\" src=\"https:\/\/www.monneu.com\/wp-content\/uploads\/2024\/05\/img13-scaled.jpeg\" alt=\"\" class=\"wp-image-315 size-full\"\/><\/figure><\/div>\n\n\n\n<div style=\"height:92px\" aria-hidden=\"true\" class=\"wp-block-spacer\"><\/div>\n","protected":false},"excerpt":{"rendered":"<p>Adaptabilit\u00e9 Nos solutions s&rsquo;adaptent non seulement \u00e0 vos besoins, mais aussi \u00e0 vos pr\u00e9f\u00e9rences et \u00e0 votre budget ; vous concevez nos produits. Personnalisation Notre \u00e9quipe personnalise chaque produit selon vos go\u00fbts ; chaque client pourra b\u00e9n\u00e9ficier d&rsquo;une personnalisation unique. Qualit\u00e9 Nous nous engageons \u00e0 ne vous proposer que des produits de haute qualit\u00e9 ; [&hellip;]<\/p>\n","protected":false},"author":1,"featured_media":0,"parent":0,"menu_order":0,"comment_status":"closed","ping_status":"closed","template":"","meta":{"footnotes":""},"class_list":["post-32","page","type-page","status-publish","hentry"],"yoast_head":"<!-- This site is optimized with the Yoast SEO plugin v25.4 - https:\/\/yoast.com\/wordpress\/plugins\/seo\/ -->\n<title>Offres de nos solutions - MONNEU 2000 S.L. | Solutions industrielles<\/title>\n<meta name=\"robots\" content=\"index, follow, max-snippet:-1, max-image-preview:large, max-video-preview:-1\" \/>\n<link rel=\"canonical\" href=\"https:\/\/www.monneu.com\/fr\/offres-de-nos-solutions\/\" \/>\n<meta property=\"og:locale\" content=\"fr_FR\" \/>\n<meta property=\"og:type\" content=\"article\" \/>\n<meta property=\"og:title\" content=\"Offres de nos solutions - MONNEU 2000 S.L. | Solutions industrielles\" \/>\n<meta property=\"og:description\" content=\"Adaptabilit\u00e9 Nos solutions s&rsquo;adaptent non seulement \u00e0 vos besoins, mais aussi \u00e0 vos pr\u00e9f\u00e9rences et \u00e0 votre budget ; vous concevez nos produits. Personnalisation Notre \u00e9quipe personnalise chaque produit selon vos go\u00fbts ; chaque client pourra b\u00e9n\u00e9ficier d&rsquo;une personnalisation unique. Qualit\u00e9 Nous nous engageons \u00e0 ne vous proposer que des produits de haute qualit\u00e9 ; [&hellip;]\" \/>\n<meta property=\"og:url\" content=\"https:\/\/www.monneu.com\/fr\/offres-de-nos-solutions\/\" \/>\n<meta property=\"og:site_name\" content=\"MONNEU 2000 S.L. | Solutions industrielles\" \/>\n<meta property=\"article:modified_time\" content=\"2024-05-10T21:45:31+00:00\" \/>\n<meta property=\"og:image\" content=\"https:\/\/www.monneu.com\/wp-content\/uploads\/2024\/05\/img14.png\" \/>\n<meta name=\"twitter:card\" content=\"summary_large_image\" \/>\n<meta name=\"twitter:label1\" content=\"Dur\u00e9e de lecture estim\u00e9e\" \/>\n\t<meta name=\"twitter:data1\" content=\"1 minute\" \/>\n<script type=\"application\/ld+json\" class=\"yoast-schema-graph\">{\"@context\":\"https:\/\/schema.org\",\"@graph\":[{\"@type\":\"WebPage\",\"@id\":\"https:\/\/www.monneu.com\/fr\/offres-de-nos-solutions\/\",\"url\":\"https:\/\/www.monneu.com\/fr\/offres-de-nos-solutions\/\",\"name\":\"Offres de nos solutions - MONNEU 2000 S.L. | Solutions industrielles\",\"isPartOf\":{\"@id\":\"https:\/\/www.monneu.com\/fr\/#website\"},\"primaryImageOfPage\":{\"@id\":\"https:\/\/www.monneu.com\/fr\/offres-de-nos-solutions\/#primaryimage\"},\"image\":{\"@id\":\"https:\/\/www.monneu.com\/fr\/offres-de-nos-solutions\/#primaryimage\"},\"thumbnailUrl\":\"https:\/\/www.monneu.com\/wp-content\/uploads\/2024\/05\/img14.png\",\"datePublished\":\"2024-05-07T09:49:47+00:00\",\"dateModified\":\"2024-05-10T21:45:31+00:00\",\"breadcrumb\":{\"@id\":\"https:\/\/www.monneu.com\/fr\/offres-de-nos-solutions\/#breadcrumb\"},\"inLanguage\":\"fr-FR\",\"potentialAction\":[{\"@type\":\"ReadAction\",\"target\":[\"https:\/\/www.monneu.com\/fr\/offres-de-nos-solutions\/\"]}]},{\"@type\":\"ImageObject\",\"inLanguage\":\"fr-FR\",\"@id\":\"https:\/\/www.monneu.com\/fr\/offres-de-nos-solutions\/#primaryimage\",\"url\":\"https:\/\/www.monneu.com\/wp-content\/uploads\/2024\/05\/img14.png\",\"contentUrl\":\"https:\/\/www.monneu.com\/wp-content\/uploads\/2024\/05\/img14.png\"},{\"@type\":\"BreadcrumbList\",\"@id\":\"https:\/\/www.monneu.com\/fr\/offres-de-nos-solutions\/#breadcrumb\",\"itemListElement\":[{\"@type\":\"ListItem\",\"position\":1,\"name\":\"Portada\",\"item\":\"https:\/\/www.monneu.com\/fr\/\"},{\"@type\":\"ListItem\",\"position\":2,\"name\":\"Offres de nos solutions\"}]},{\"@type\":\"WebSite\",\"@id\":\"https:\/\/www.monneu.com\/fr\/#website\",\"url\":\"https:\/\/www.monneu.com\/fr\/\",\"name\":\"MONNEU 2000 S.L. | Solutions industrielles\",\"description\":\"\",\"publisher\":{\"@id\":\"https:\/\/www.monneu.com\/fr\/#organization\"},\"potentialAction\":[{\"@type\":\"SearchAction\",\"target\":{\"@type\":\"EntryPoint\",\"urlTemplate\":\"https:\/\/www.monneu.com\/fr\/?s={search_term_string}\"},\"query-input\":{\"@type\":\"PropertyValueSpecification\",\"valueRequired\":true,\"valueName\":\"search_term_string\"}}],\"inLanguage\":\"fr-FR\"},{\"@type\":\"Organization\",\"@id\":\"https:\/\/www.monneu.com\/fr\/#organization\",\"name\":\"MONNEU 2000 S.L. | Solutions industrielles\",\"url\":\"https:\/\/www.monneu.com\/fr\/\",\"logo\":{\"@type\":\"ImageObject\",\"inLanguage\":\"fr-FR\",\"@id\":\"https:\/\/www.monneu.com\/fr\/#\/schema\/logo\/image\/\",\"url\":\"https:\/\/www.monneu.com\/fr\/wp-content\/uploads\/sites\/2\/2024\/05\/logo_monneu.png\",\"contentUrl\":\"https:\/\/www.monneu.com\/fr\/wp-content\/uploads\/sites\/2\/2024\/05\/logo_monneu.png\",\"width\":150,\"height\":153,\"caption\":\"MONNEU 2000 S.L. | Solutions industrielles\"},\"image\":{\"@id\":\"https:\/\/www.monneu.com\/fr\/#\/schema\/logo\/image\/\"}}]}<\/script>\n<!-- \/ Yoast SEO plugin. -->","yoast_head_json":{"title":"Offres de nos solutions - MONNEU 2000 S.L. | Solutions industrielles","robots":{"index":"index","follow":"follow","max-snippet":"max-snippet:-1","max-image-preview":"max-image-preview:large","max-video-preview":"max-video-preview:-1"},"canonical":"https:\/\/www.monneu.com\/fr\/offres-de-nos-solutions\/","og_locale":"fr_FR","og_type":"article","og_title":"Offres de nos solutions - MONNEU 2000 S.L. | Solutions industrielles","og_description":"Adaptabilit\u00e9 Nos solutions s&rsquo;adaptent non seulement \u00e0 vos besoins, mais aussi \u00e0 vos pr\u00e9f\u00e9rences et \u00e0 votre budget ; vous concevez nos produits. Personnalisation Notre \u00e9quipe personnalise chaque produit selon vos go\u00fbts ; chaque client pourra b\u00e9n\u00e9ficier d&rsquo;une personnalisation unique. Qualit\u00e9 Nous nous engageons \u00e0 ne vous proposer que des produits de haute qualit\u00e9 ; [&hellip;]","og_url":"https:\/\/www.monneu.com\/fr\/offres-de-nos-solutions\/","og_site_name":"MONNEU 2000 S.L. | Solutions industrielles","article_modified_time":"2024-05-10T21:45:31+00:00","og_image":[{"url":"https:\/\/www.monneu.com\/wp-content\/uploads\/2024\/05\/img14.png","type":"","width":"","height":""}],"twitter_card":"summary_large_image","twitter_misc":{"Dur\u00e9e de lecture estim\u00e9e":"1 minute"},"schema":{"@context":"https:\/\/schema.org","@graph":[{"@type":"WebPage","@id":"https:\/\/www.monneu.com\/fr\/offres-de-nos-solutions\/","url":"https:\/\/www.monneu.com\/fr\/offres-de-nos-solutions\/","name":"Offres de nos solutions - MONNEU 2000 S.L. | Solutions industrielles","isPartOf":{"@id":"https:\/\/www.monneu.com\/fr\/#website"},"primaryImageOfPage":{"@id":"https:\/\/www.monneu.com\/fr\/offres-de-nos-solutions\/#primaryimage"},"image":{"@id":"https:\/\/www.monneu.com\/fr\/offres-de-nos-solutions\/#primaryimage"},"thumbnailUrl":"https:\/\/www.monneu.com\/wp-content\/uploads\/2024\/05\/img14.png","datePublished":"2024-05-07T09:49:47+00:00","dateModified":"2024-05-10T21:45:31+00:00","breadcrumb":{"@id":"https:\/\/www.monneu.com\/fr\/offres-de-nos-solutions\/#breadcrumb"},"inLanguage":"fr-FR","potentialAction":[{"@type":"ReadAction","target":["https:\/\/www.monneu.com\/fr\/offres-de-nos-solutions\/"]}]},{"@type":"ImageObject","inLanguage":"fr-FR","@id":"https:\/\/www.monneu.com\/fr\/offres-de-nos-solutions\/#primaryimage","url":"https:\/\/www.monneu.com\/wp-content\/uploads\/2024\/05\/img14.png","contentUrl":"https:\/\/www.monneu.com\/wp-content\/uploads\/2024\/05\/img14.png"},{"@type":"BreadcrumbList","@id":"https:\/\/www.monneu.com\/fr\/offres-de-nos-solutions\/#breadcrumb","itemListElement":[{"@type":"ListItem","position":1,"name":"Portada","item":"https:\/\/www.monneu.com\/fr\/"},{"@type":"ListItem","position":2,"name":"Offres de nos solutions"}]},{"@type":"WebSite","@id":"https:\/\/www.monneu.com\/fr\/#website","url":"https:\/\/www.monneu.com\/fr\/","name":"MONNEU 2000 S.L. | Solutions industrielles","description":"","publisher":{"@id":"https:\/\/www.monneu.com\/fr\/#organization"},"potentialAction":[{"@type":"SearchAction","target":{"@type":"EntryPoint","urlTemplate":"https:\/\/www.monneu.com\/fr\/?s={search_term_string}"},"query-input":{"@type":"PropertyValueSpecification","valueRequired":true,"valueName":"search_term_string"}}],"inLanguage":"fr-FR"},{"@type":"Organization","@id":"https:\/\/www.monneu.com\/fr\/#organization","name":"MONNEU 2000 S.L. | Solutions industrielles","url":"https:\/\/www.monneu.com\/fr\/","logo":{"@type":"ImageObject","inLanguage":"fr-FR","@id":"https:\/\/www.monneu.com\/fr\/#\/schema\/logo\/image\/","url":"https:\/\/www.monneu.com\/fr\/wp-content\/uploads\/sites\/2\/2024\/05\/logo_monneu.png","contentUrl":"https:\/\/www.monneu.com\/fr\/wp-content\/uploads\/sites\/2\/2024\/05\/logo_monneu.png","width":150,"height":153,"caption":"MONNEU 2000 S.L. | Solutions industrielles"},"image":{"@id":"https:\/\/www.monneu.com\/fr\/#\/schema\/logo\/image\/"}}]}},"_links":{"self":[{"href":"https:\/\/www.monneu.com\/fr\/wp-json\/wp\/v2\/pages\/32","targetHints":{"allow":["GET"]}}],"collection":[{"href":"https:\/\/www.monneu.com\/fr\/wp-json\/wp\/v2\/pages"}],"about":[{"href":"https:\/\/www.monneu.com\/fr\/wp-json\/wp\/v2\/types\/page"}],"author":[{"embeddable":true,"href":"https:\/\/www.monneu.com\/fr\/wp-json\/wp\/v2\/users\/1"}],"replies":[{"embeddable":true,"href":"https:\/\/www.monneu.com\/fr\/wp-json\/wp\/v2\/comments?post=32"}],"version-history":[{"count":2,"href":"https:\/\/www.monneu.com\/fr\/wp-json\/wp\/v2\/pages\/32\/revisions"}],"predecessor-version":[{"id":73,"href":"https:\/\/www.monneu.com\/fr\/wp-json\/wp\/v2\/pages\/32\/revisions\/73"}],"wp:attachment":[{"href":"https:\/\/www.monneu.com\/fr\/wp-json\/wp\/v2\/media?parent=32"}],"curies":[{"name":"wp","href":"https:\/\/api.w.org\/{rel}","templated":true}]}}