{"id":34,"date":"2024-05-07T11:53:11","date_gmt":"2024-05-07T09:53:11","guid":{"rendered":"https:\/\/www.monneu.com\/fr\/?page_id=34"},"modified":"2024-05-07T11:53:11","modified_gmt":"2024-05-07T09:53:11","slug":"notre-entreprise","status":"publish","type":"page","link":"https:\/\/www.monneu.com\/fr\/notre-entreprise\/","title":{"rendered":"Notre entreprise"},"content":{"rendered":"\n<div class=\"wp-block-media-text alignwide has-media-on-the-right is-stacked-on-mobile\" style=\"grid-template-columns:auto 45%\"><div class=\"wp-block-media-text__content\">\n<p>Monneu 2000 S.L., dispose de plus de 20 ans d&rsquo;exp\u00e9rience dans l&rsquo;automatisation et le contr\u00f4le industriel, fournissant un support et un service pour la r\u00e9alisation de projets allant de la conception et du d\u00e9veloppement \u00e0 l&rsquo;accompagnement dans l&rsquo;installation et la mise en service.<\/p>\n\n\n\n<p>Nous croyons qu&rsquo;il existe un grand potentiel d&rsquo;am\u00e9lioration gr\u00e2ce au contr\u00f4le total de tous les processus industriels. C&rsquo;est pourquoi nous offrons des solutions flexibles dans le domaine de l&rsquo;automatisation, du contr\u00f4le et de l&rsquo;acquisition de donn\u00e9es pour les environnements industriels.<\/p>\n\n\n\n<p>Nous continuons de croire en la valeur des personnes, c&rsquo;est pourquoi l&rsquo;exp\u00e9rience de l&rsquo;\u00e9quipe qui compose Monneu 2000 est notre atout le plus pr\u00e9cieux.<\/p>\n\n\n\n<p>Contactez-nous et nous vous conseillerons. Nous mettons toute notre exp\u00e9rience \u00e0 votre disposition pour \u00eatre votre partenaire industriel pour les applications de m\u00e9canique et d&rsquo;automatisation.<\/p>\n<\/div><figure class=\"wp-block-media-text__media\"><img decoding=\"async\" src=\"https:\/\/www.monneu.com\/wp-content\/uploads\/2024\/05\/44f195bc476d0cb0258ebcc6726f9363_729x900_0x1_729x902_crop.jpg\" alt=\"\" class=\"wp-image-47 size-full\"\/><\/figure><\/div>\n","protected":false},"excerpt":{"rendered":"<p>Monneu 2000 S.L., dispose de plus de 20 ans d&rsquo;exp\u00e9rience dans l&rsquo;automatisation et le contr\u00f4le industriel, fournissant un support et un service pour la r\u00e9alisation de projets allant de la conception et du d\u00e9veloppement \u00e0 l&rsquo;accompagnement dans l&rsquo;installation et la mise en service. Nous croyons qu&rsquo;il existe un grand potentiel d&rsquo;am\u00e9lioration gr\u00e2ce au contr\u00f4le total [&hellip;]<\/p>\n","protected":false},"author":1,"featured_media":0,"parent":0,"menu_order":0,"comment_status":"closed","ping_status":"closed","template":"","meta":{"footnotes":""},"class_list":["post-34","page","type-page","status-publish","hentry"],"yoast_head":"<!-- This site is optimized with the Yoast SEO plugin v25.4 - https:\/\/yoast.com\/wordpress\/plugins\/seo\/ -->\n<title>Notre entreprise - MONNEU 2000 S.L. | Solutions industrielles<\/title>\n<meta name=\"robots\" content=\"index, follow, max-snippet:-1, max-image-preview:large, max-video-preview:-1\" \/>\n<link rel=\"canonical\" href=\"https:\/\/www.monneu.com\/fr\/notre-entreprise\/\" \/>\n<meta property=\"og:locale\" content=\"fr_FR\" \/>\n<meta property=\"og:type\" content=\"article\" \/>\n<meta property=\"og:title\" content=\"Notre entreprise - MONNEU 2000 S.L. | Solutions industrielles\" \/>\n<meta property=\"og:description\" content=\"Monneu 2000 S.L., dispose de plus de 20 ans d&rsquo;exp\u00e9rience dans l&rsquo;automatisation et le contr\u00f4le industriel, fournissant un support et un service pour la r\u00e9alisation de projets allant de la conception et du d\u00e9veloppement \u00e0 l&rsquo;accompagnement dans l&rsquo;installation et la mise en service. Nous croyons qu&rsquo;il existe un grand potentiel d&rsquo;am\u00e9lioration gr\u00e2ce au contr\u00f4le total [&hellip;]\" \/>\n<meta property=\"og:url\" content=\"https:\/\/www.monneu.com\/fr\/notre-entreprise\/\" \/>\n<meta property=\"og:site_name\" content=\"MONNEU 2000 S.L. | Solutions industrielles\" \/>\n<meta property=\"og:image\" content=\"https:\/\/www.monneu.com\/wp-content\/uploads\/2024\/05\/44f195bc476d0cb0258ebcc6726f9363_729x900_0x1_729x902_crop.jpg\" \/>\n<meta name=\"twitter:card\" content=\"summary_large_image\" \/>\n<meta name=\"twitter:label1\" content=\"Dur\u00e9e de lecture estim\u00e9e\" \/>\n\t<meta name=\"twitter:data1\" content=\"1 minute\" \/>\n<script type=\"application\/ld+json\" class=\"yoast-schema-graph\">{\"@context\":\"https:\/\/schema.org\",\"@graph\":[{\"@type\":\"WebPage\",\"@id\":\"https:\/\/www.monneu.com\/fr\/notre-entreprise\/\",\"url\":\"https:\/\/www.monneu.com\/fr\/notre-entreprise\/\",\"name\":\"Notre entreprise - MONNEU 2000 S.L. | Solutions industrielles\",\"isPartOf\":{\"@id\":\"https:\/\/www.monneu.com\/fr\/#website\"},\"primaryImageOfPage\":{\"@id\":\"https:\/\/www.monneu.com\/fr\/notre-entreprise\/#primaryimage\"},\"image\":{\"@id\":\"https:\/\/www.monneu.com\/fr\/notre-entreprise\/#primaryimage\"},\"thumbnailUrl\":\"https:\/\/www.monneu.com\/wp-content\/uploads\/2024\/05\/44f195bc476d0cb0258ebcc6726f9363_729x900_0x1_729x902_crop.jpg\",\"datePublished\":\"2024-05-07T09:53:11+00:00\",\"breadcrumb\":{\"@id\":\"https:\/\/www.monneu.com\/fr\/notre-entreprise\/#breadcrumb\"},\"inLanguage\":\"fr-FR\",\"potentialAction\":[{\"@type\":\"ReadAction\",\"target\":[\"https:\/\/www.monneu.com\/fr\/notre-entreprise\/\"]}]},{\"@type\":\"ImageObject\",\"inLanguage\":\"fr-FR\",\"@id\":\"https:\/\/www.monneu.com\/fr\/notre-entreprise\/#primaryimage\",\"url\":\"https:\/\/www.monneu.com\/wp-content\/uploads\/2024\/05\/44f195bc476d0cb0258ebcc6726f9363_729x900_0x1_729x902_crop.jpg\",\"contentUrl\":\"https:\/\/www.monneu.com\/wp-content\/uploads\/2024\/05\/44f195bc476d0cb0258ebcc6726f9363_729x900_0x1_729x902_crop.jpg\"},{\"@type\":\"BreadcrumbList\",\"@id\":\"https:\/\/www.monneu.com\/fr\/notre-entreprise\/#breadcrumb\",\"itemListElement\":[{\"@type\":\"ListItem\",\"position\":1,\"name\":\"Portada\",\"item\":\"https:\/\/www.monneu.com\/fr\/\"},{\"@type\":\"ListItem\",\"position\":2,\"name\":\"Notre entreprise\"}]},{\"@type\":\"WebSite\",\"@id\":\"https:\/\/www.monneu.com\/fr\/#website\",\"url\":\"https:\/\/www.monneu.com\/fr\/\",\"name\":\"MONNEU 2000 S.L. | Solutions industrielles\",\"description\":\"\",\"publisher\":{\"@id\":\"https:\/\/www.monneu.com\/fr\/#organization\"},\"potentialAction\":[{\"@type\":\"SearchAction\",\"target\":{\"@type\":\"EntryPoint\",\"urlTemplate\":\"https:\/\/www.monneu.com\/fr\/?s={search_term_string}\"},\"query-input\":{\"@type\":\"PropertyValueSpecification\",\"valueRequired\":true,\"valueName\":\"search_term_string\"}}],\"inLanguage\":\"fr-FR\"},{\"@type\":\"Organization\",\"@id\":\"https:\/\/www.monneu.com\/fr\/#organization\",\"name\":\"MONNEU 2000 S.L. | Solutions industrielles\",\"url\":\"https:\/\/www.monneu.com\/fr\/\",\"logo\":{\"@type\":\"ImageObject\",\"inLanguage\":\"fr-FR\",\"@id\":\"https:\/\/www.monneu.com\/fr\/#\/schema\/logo\/image\/\",\"url\":\"https:\/\/www.monneu.com\/fr\/wp-content\/uploads\/sites\/2\/2024\/05\/logo_monneu.png\",\"contentUrl\":\"https:\/\/www.monneu.com\/fr\/wp-content\/uploads\/sites\/2\/2024\/05\/logo_monneu.png\",\"width\":150,\"height\":153,\"caption\":\"MONNEU 2000 S.L. | Solutions industrielles\"},\"image\":{\"@id\":\"https:\/\/www.monneu.com\/fr\/#\/schema\/logo\/image\/\"}}]}<\/script>\n<!-- \/ Yoast SEO plugin. -->","yoast_head_json":{"title":"Notre entreprise - MONNEU 2000 S.L. | Solutions industrielles","robots":{"index":"index","follow":"follow","max-snippet":"max-snippet:-1","max-image-preview":"max-image-preview:large","max-video-preview":"max-video-preview:-1"},"canonical":"https:\/\/www.monneu.com\/fr\/notre-entreprise\/","og_locale":"fr_FR","og_type":"article","og_title":"Notre entreprise - MONNEU 2000 S.L. | Solutions industrielles","og_description":"Monneu 2000 S.L., dispose de plus de 20 ans d&rsquo;exp\u00e9rience dans l&rsquo;automatisation et le contr\u00f4le industriel, fournissant un support et un service pour la r\u00e9alisation de projets allant de la conception et du d\u00e9veloppement \u00e0 l&rsquo;accompagnement dans l&rsquo;installation et la mise en service. Nous croyons qu&rsquo;il existe un grand potentiel d&rsquo;am\u00e9lioration gr\u00e2ce au contr\u00f4le total [&hellip;]","og_url":"https:\/\/www.monneu.com\/fr\/notre-entreprise\/","og_site_name":"MONNEU 2000 S.L. | Solutions industrielles","og_image":[{"url":"https:\/\/www.monneu.com\/wp-content\/uploads\/2024\/05\/44f195bc476d0cb0258ebcc6726f9363_729x900_0x1_729x902_crop.jpg","type":"","width":"","height":""}],"twitter_card":"summary_large_image","twitter_misc":{"Dur\u00e9e de lecture estim\u00e9e":"1 minute"},"schema":{"@context":"https:\/\/schema.org","@graph":[{"@type":"WebPage","@id":"https:\/\/www.monneu.com\/fr\/notre-entreprise\/","url":"https:\/\/www.monneu.com\/fr\/notre-entreprise\/","name":"Notre entreprise - MONNEU 2000 S.L. | Solutions industrielles","isPartOf":{"@id":"https:\/\/www.monneu.com\/fr\/#website"},"primaryImageOfPage":{"@id":"https:\/\/www.monneu.com\/fr\/notre-entreprise\/#primaryimage"},"image":{"@id":"https:\/\/www.monneu.com\/fr\/notre-entreprise\/#primaryimage"},"thumbnailUrl":"https:\/\/www.monneu.com\/wp-content\/uploads\/2024\/05\/44f195bc476d0cb0258ebcc6726f9363_729x900_0x1_729x902_crop.jpg","datePublished":"2024-05-07T09:53:11+00:00","breadcrumb":{"@id":"https:\/\/www.monneu.com\/fr\/notre-entreprise\/#breadcrumb"},"inLanguage":"fr-FR","potentialAction":[{"@type":"ReadAction","target":["https:\/\/www.monneu.com\/fr\/notre-entreprise\/"]}]},{"@type":"ImageObject","inLanguage":"fr-FR","@id":"https:\/\/www.monneu.com\/fr\/notre-entreprise\/#primaryimage","url":"https:\/\/www.monneu.com\/wp-content\/uploads\/2024\/05\/44f195bc476d0cb0258ebcc6726f9363_729x900_0x1_729x902_crop.jpg","contentUrl":"https:\/\/www.monneu.com\/wp-content\/uploads\/2024\/05\/44f195bc476d0cb0258ebcc6726f9363_729x900_0x1_729x902_crop.jpg"},{"@type":"BreadcrumbList","@id":"https:\/\/www.monneu.com\/fr\/notre-entreprise\/#breadcrumb","itemListElement":[{"@type":"ListItem","position":1,"name":"Portada","item":"https:\/\/www.monneu.com\/fr\/"},{"@type":"ListItem","position":2,"name":"Notre entreprise"}]},{"@type":"WebSite","@id":"https:\/\/www.monneu.com\/fr\/#website","url":"https:\/\/www.monneu.com\/fr\/","name":"MONNEU 2000 S.L. | Solutions industrielles","description":"","publisher":{"@id":"https:\/\/www.monneu.com\/fr\/#organization"},"potentialAction":[{"@type":"SearchAction","target":{"@type":"EntryPoint","urlTemplate":"https:\/\/www.monneu.com\/fr\/?s={search_term_string}"},"query-input":{"@type":"PropertyValueSpecification","valueRequired":true,"valueName":"search_term_string"}}],"inLanguage":"fr-FR"},{"@type":"Organization","@id":"https:\/\/www.monneu.com\/fr\/#organization","name":"MONNEU 2000 S.L. | Solutions industrielles","url":"https:\/\/www.monneu.com\/fr\/","logo":{"@type":"ImageObject","inLanguage":"fr-FR","@id":"https:\/\/www.monneu.com\/fr\/#\/schema\/logo\/image\/","url":"https:\/\/www.monneu.com\/fr\/wp-content\/uploads\/sites\/2\/2024\/05\/logo_monneu.png","contentUrl":"https:\/\/www.monneu.com\/fr\/wp-content\/uploads\/sites\/2\/2024\/05\/logo_monneu.png","width":150,"height":153,"caption":"MONNEU 2000 S.L. | Solutions industrielles"},"image":{"@id":"https:\/\/www.monneu.com\/fr\/#\/schema\/logo\/image\/"}}]}},"_links":{"self":[{"href":"https:\/\/www.monneu.com\/fr\/wp-json\/wp\/v2\/pages\/34","targetHints":{"allow":["GET"]}}],"collection":[{"href":"https:\/\/www.monneu.com\/fr\/wp-json\/wp\/v2\/pages"}],"about":[{"href":"https:\/\/www.monneu.com\/fr\/wp-json\/wp\/v2\/types\/page"}],"author":[{"embeddable":true,"href":"https:\/\/www.monneu.com\/fr\/wp-json\/wp\/v2\/users\/1"}],"replies":[{"embeddable":true,"href":"https:\/\/www.monneu.com\/fr\/wp-json\/wp\/v2\/comments?post=34"}],"version-history":[{"count":1,"href":"https:\/\/www.monneu.com\/fr\/wp-json\/wp\/v2\/pages\/34\/revisions"}],"predecessor-version":[{"id":35,"href":"https:\/\/www.monneu.com\/fr\/wp-json\/wp\/v2\/pages\/34\/revisions\/35"}],"wp:attachment":[{"href":"https:\/\/www.monneu.com\/fr\/wp-json\/wp\/v2\/media?parent=34"}],"curies":[{"name":"wp","href":"https:\/\/api.w.org\/{rel}","templated":true}]}}